{"id":305,"date":"2021-09-20T21:40:27","date_gmt":"2021-09-20T21:40:27","guid":{"rendered":"https:\/\/notariarequena.es\/?page_id=305"},"modified":"2022-09-12T09:10:19","modified_gmt":"2022-09-12T09:10:19","slug":"politica-de-cookies","status":"publish","type":"page","link":"https:\/\/notariarequena.es\/ca\/politica-de-cookies\/","title":{"rendered":"Pol\u00edtica de Cookies"},"content":{"rendered":"<div data-elementor-type=\"wp-page\" data-elementor-id=\"305\" class=\"elementor elementor-305\" data-elementor-post-type=\"page\">\n\t\t\t\t\t\t<section class=\"elementor-section elementor-top-section elementor-element elementor-element-6f7a9145 elementor-section-boxed elementor-section-height-default elementor-section-height-default\" data-id=\"6f7a9145\" data-element_type=\"section\">\n\t\t\t\t\t\t<div class=\"elementor-container elementor-column-gap-default\">\n\t\t\t\t\t<div class=\"elementor-column elementor-col-100 elementor-top-column elementor-element elementor-element-15629b31\" data-id=\"15629b31\" data-element_type=\"column\">\n\t\t\t<div class=\"elementor-widget-wrap elementor-element-populated\">\n\t\t\t\t\t\t<div class=\"elementor-element elementor-element-0ce52da elementor-widget elementor-widget-heading\" data-id=\"0ce52da\" data-element_type=\"widget\" data-widget_type=\"heading.default\">\n\t\t\t\t<div class=\"elementor-widget-container\">\n\t\t\t\t\t<h2 class=\"elementor-heading-title elementor-size-default\">Pol\u00edtica de Cookies<\/h2>\t\t\t\t<\/div>\n\t\t\t\t<\/div>\n\t\t\t\t<div class=\"elementor-element elementor-element-5db297f0 elementor-widget elementor-widget-text-editor\" data-id=\"5db297f0\" data-element_type=\"widget\" data-widget_type=\"text-editor.default\">\n\t\t\t\t<div class=\"elementor-widget-container\">\n\t\t\t\t\t\t\t\t\t\n<p><strong>Personalitzar les cookies durant la navegaci\u00f3<\/strong><\/p>\n\n<p>\u00c9s possible personalitzar l'\u00fas de les cookies que utilitzem durant la teva navegaci\u00f3. Podr\u00e0s fer-ho\u00a0<a href=\"https:\/\/notariarequena.es\/ca\/#gdpr_cookie_modal\" target=\"_blank\" rel=\"noreferrer noopener\">aqu\u00ed<\/a>.<\/p>\n\n<p><strong>Qu\u00e8 s\u00f3n les cookies?<\/strong><\/p>\n\n<p>Es tracta d'uns fitxers, que una vegada instal\u00b7lats en el teu navegador fan possible recopilar informaci\u00f3 relativa a les p\u00e0gines que es visiten, el temps de connexi\u00f3 i tenen per finalitat analitzar el funcionament del sistema, localitzar les incid\u00e8ncies i problemes que puguin sorgir i solucionar-los en el menor termini possible, seguir-te oferint els serveis que sol\u00b7licites, con\u00e8ixer millor les teves prefer\u00e8ncies i poder oferir-te altres serveis.<\/p>\n\n<p><strong>Tipus de cookies<\/strong><\/p>\n\n<ul class=\"wp-block-list\">\n<li><strong>Segons l'entitat que les genera:<\/strong><\/li>\n<\/ul>\n\n<p><strong>Cookies pr\u00f2pies:\u00a0<\/strong>s\u00f3n aquelles que s'envien a l'equip terminal de l'usuari des d'un equip o domini gestionat pel propi editor i des del qual es presta el servei sol\u00b7licitat per l'usuari.<\/p>\n\n<p><strong>Cookies de tercer:\u00a0<\/strong>s\u00f3n aquelles que s'envien a l'equip terminal de l'usuari des d'un equip o domini que no \u00e9s gestionat per l'editor, sin\u00f3 per una altra entitat que tracta les dades obtingudes a trav\u00e9s de les cookies.<\/p>\n\n<ul class=\"wp-block-list\">\n<li><strong>Segons el termini que es mantenen actives:<\/strong><\/li>\n<\/ul>\n\n<p><strong>Cookies de sessi\u00f3:\u00a0<\/strong>s\u00f3n un tipus de cookies dissenyades per a recaptar i emmagatzemar dades mentre l'usuari accedeix a les nostres p\u00e0gines. Aquestes cookies s\u00f3n temporals i s'esborren de l'equip en finalitzar la navegaci\u00f3 per la p\u00e0gina web.<\/p>\n\n<p><strong>Cookies persistents:\u00a0<\/strong>s\u00f3n un tipus de cookies en les quals les dades segueixen emmagatzemats en el terminal i poden ser accedits i tractats durant un per\u00edode definit pel responsable de la cookie, i que pot anar d'uns minuts a diversos anys.<\/p>\n\n<ul class=\"wp-block-list\">\n<li><strong>Segons la finalitat per a la qual s'utilitzen:<\/strong><\/li>\n<\/ul>\n\n<p><strong>Cookies t\u00e8cniques<\/strong><\/p>\n\n<p>S\u00f3n aquelles que permeten a l'usuari la navegaci\u00f3 a trav\u00e9s d'una p\u00e0gina web, plataforma o aplicaci\u00f3 i la utilitzaci\u00f3 de les diferents opcions o serveis que en ella existeixin, incloent aquelles que l'editor utilitza per a permetre la gesti\u00f3 i operativa de la p\u00e0gina web i habilitar les seves funcions i serveis, com, per exemple, controlar el tr\u00e0nsit i la comunicaci\u00f3 de dades, identificar la sessi\u00f3, accedir a parts d'acc\u00e9s restringit, recordar els elements que integren una comanda, realitzar el proc\u00e9s de compra d'una comanda, gestionar el pagament, controlar el frau vinculat a la seguretat del servei, realitzar la sol\u00b7licitud d'inscripci\u00f3 o participaci\u00f3 en un esdeveniment, comptar visites a l'efecte de la facturaci\u00f3 de llic\u00e8ncies del programari amb el qual funciona el servei (lloc web, plataforma o aplicaci\u00f3), utilitzar elements de seguretat durant la navegaci\u00f3, emmagatzemar continguts per a la difusi\u00f3 de v\u00eddeos o so, habilitar continguts din\u00e0mics (per exemple, animaci\u00f3 de c\u00e0rrega d'un text o imatge) o compartir continguts a trav\u00e9s de xarxes socials. Tamb\u00e9 pertanyen a aquesta categoria, per la seva naturalesa t\u00e8cnica, aquelles cookies que permeten la gesti\u00f3, de la forma m\u00e9s efica\u00e7 possible, dels espais publicitaris que, com un element m\u00e9s de disseny o \u201cmaquetaci\u00f3\u201d del servei ofert a l'usuari, l'editor hagi incl\u00f2s en una p\u00e0gina web, aplicaci\u00f3 o plataforma sobre la base de criteris com el contingut editat, sense que es recopili informaci\u00f3 dels usuaris amb finalitats diferents, com pot ser personalitzar aquest contingut publicitari o altres continguts.<\/p>\n\n<p><strong>Cookies d'An\u00e0lisis<\/strong><\/p>\n\n<p>Aquestes cookies ens ajuden a entendre com interactua cada usuari amb el nostre lloc web (per exemple, quines p\u00e0gines generen m\u00e9s inter\u00e8s, quantes persones han visitat el lloc, quin \u00e9s el temps mitj\u00e0 d'una visita al lloc, etc.). Aquesta informaci\u00f3 \u00e9s an\u00f2nima i nom\u00e9s ens proporciona dades estad\u00edstiques amb la finalitat de con\u00e8ixer qu\u00e8 interessa m\u00e9s al nostre p\u00fablic i com podem millorar l'oferta de productes i serveis, el funcionament del lloc web o l'experi\u00e8ncia d'usuari. Encara que no s\u00f3n necess\u00e0ries per a navegar per ens agradaria que ens ajudessis a millorar acceptant aquestes cookies que, en cap cas, conservaran cap informaci\u00f3 de car\u00e0cter personal sobre tu.<\/p>\n\n<p><strong>Cookies de Publicitat i Perfilat<\/strong><\/p>\n\n<p>Aquestes cookies s'utilitzen per a crear perfils d'usuari basats en les seves prefer\u00e8ncies personals, interessos, aix\u00ed com el seu comportament durant la navegaci\u00f3, per a mostrar publicitat en funci\u00f3 d'aquest. En tractar-se de cookies no necess\u00e0ries per al correcte funcionament de la p\u00e0gina web, NOT\u00c0RIA CRISTINA REQUENA TORRECILLAS habilita a l'usuari la possibilitat d'activar-los o desactivar-los.<\/p>\n\n<p><strong>PR\u00d2PIES:<\/strong><\/p>\n\n<figure class=\"wp-block-table\">\n<table>\n<tbody>\n<tr>\n<td>Nom de cookie<\/td>\n<td>Finalitat<\/td>\n<td>Durada<\/td>\n<\/tr>\n<tr>\n<td>PHPSESSID<\/td>\n<td>Aquesta cookie \u00e9s usat pel llenguatge d'encriptat PHP per a permetre que les variables de SESSI\u00d3 siguin guardades en el servidor web.<\/td>\n<td>Sessi\u00f3<\/td>\n<\/tr>\n<tr>\n<td>moove_gdpr_popup<\/td>\n<td>Cookies d'\u00fas intern necess\u00e0ria per al funcionament de la visualitzaci\u00f3 de la pol\u00edtica de cookies de la web.<\/td>\n<td>Sessi\u00f3<\/td>\n<\/tr>\n<tr>\n<td>tk_ai<\/td>\n<td>Aquesta cookie emmagatzema un ANEU an\u00f2nim generada de manera aleat\u00f2ria. Aix\u00f2 nom\u00e9s s'utilitza en l'escriptori de WordPress (\/wp-admin) i s'utilitza per al seguiment de l'\u00fas, si est\u00e0 habilitat.<\/td>\n<td>Sessi\u00f3<\/td>\n<\/tr>\n<tr>\n<td>wordpress_logged_in_<\/td>\n<td>Cookie de WordPress per a un usuari que ha fet inici de sessi\u00f3.<\/td>\n<td>Sessi\u00f3<\/td>\n<\/tr>\n<tr>\n<td>wordpress_sec_<\/td>\n<td>Aquestes cookies ens ajuden a mantenir-te connectat al nostre lloc.<\/td>\n<td>Sessi\u00f3<\/td>\n<\/tr>\n<tr>\n<td>wordpress_test_cookie<\/td>\n<td>Aquesta cookie s'usa perqu\u00e8 el gestor de continguts WordPress comprovi si el navegador t\u00e9 les cookies activades.<\/td>\n<td>Sessi\u00f3<\/td>\n<\/tr>\n<tr>\n<td>wp-settings-time-*<\/td>\n<td>Aquesta cookie s'utilitza per a personalitzar la interf\u00edcie d'usuari.<\/td>\n<td>1 any<\/td>\n<\/tr>\n<tr>\n<td>wp-settings-*<\/td>\n<td>Aquesta cookie s'utilitza per a personalitzar la interf\u00edcie d'usuari.<\/td>\n<td>1 any<\/td>\n<\/tr>\n<\/tbody>\n<\/table>\n<\/figure>\n\n<p><br \/>DE TERCERS:<\/p>\n\n<figure class=\"wp-block-table\">\n<table>\n<tbody>\n<tr>\n<td>Nom de cookie<\/td>\n<td>Finalitat<\/td>\n<td>Durada<\/td>\n<\/tr>\n<tr>\n<td>_gat_gtag_UA_<\/td>\n<td>Aquesta cookie de Google Analytics \u00e9s d'an\u00e0lisi i serveix per a mesurar com els usuaris interactuen amb la nostra p\u00e0gina web.<\/td>\n<td>Sessi\u00f3<\/td>\n<\/tr>\n<tr>\n<td>_ga<\/td>\n<td>\u00c9s una cookie de google analytics que utilitza un identificador an\u00f2nim per a distingir usuaris an\u00f2nims. Aquesta cookie realitza an\u00e0lisi sobre les interaccions dels usuaris, amb la finalitat d'optimitzar els serveis que ofereixen. T\u00e9 una durada de dos anys.<\/td>\n<td>2 Anys<\/td>\n<\/tr>\n<tr>\n<td>_gat<\/td>\n<td>\u00c9s una cookie de google analytics que s'utilitza per a diferenciar entre els diferents objectes de seguiment creats en la sessi\u00f3. La cookie caduca als deu minuts i s'actualitza cada vegada que envia les dades a Google Analytics. S'elimina en tancar el navegador.si s'ha implementat Google Analytics mitjan\u00e7ant Google Tag Manager, aquesta cookie es dir\u00e0 _dc_gtm_.<\/td>\n<td>1 minut<\/td>\n<\/tr>\n<tr>\n<td>_gid<\/td>\n<td>\u00c9s una cookie de google analytics que s'utilitza per a distingir als usuaris.T\u00e9 una durada de 24 hores.<\/td>\n<td>24 hores<\/td>\n<\/tr>\n<tr>\n<td>_gcl_au<\/td>\n<td>Utilitzat per Google AdSense per a experimentar amb l'efici\u00e8ncia publicit\u00e0ria en els llocs web que utilitzen els seus serveis. \u00c9s la cookie d'origen per a la funcionalitat de \u201cConversion Linker\u201d: pren informaci\u00f3 en clics d'anuncis i l'emmagatzema en una cookie d'origen perqu\u00e8 les conversions puguin atribuir-se fos La p\u00e0gina d'aterratge.<\/td>\n<td>3 mesos<\/td>\n<\/tr>\n<tr>\n<td>NID<\/td>\n<td>Cookie de Google Analytics. Permeten personalitzar com es veuen anuncis fora de Google o emmagatzemar informaci\u00f3 com l'idioma preferit a l'hora de mostrar resultats de cerca.<\/td>\n<td>6 mesos<\/td>\n<\/tr>\n<\/tbody>\n<\/table>\n<\/figure>\n\n<p><br \/><br \/><br \/><br \/><strong>Configurar, deshabilitar i bloquejar cookies en el teu navegador<\/strong><\/p>\n\n<p><strong>NOTARIA CRISTINA REQUENA TORRECILLAS<\/strong> no es fa responsable del contingut i veracitat de les pol\u00edtiques de privacitat dels tercers incloses en aquesta pol\u00edtica de cookies.<\/p>\n\n<p>En cas que desitgis amb posterioritat eliminar les cookies que s'hagin emmagatzemat en el teu ordinador i que necess\u00e0riament precisin del teu consentiment, podr\u00e0s fer-ho usant les eines que et proporcioni el teu navegador a aquests efectes. En aquest sentit, depenent del teu navegador, en els seg\u00fcents enlla\u00e7os es detalla el procediment per a desactivar les cookies:<\/p>\n\n<ul class=\"wp-block-list\">\n<li>Google Chrome:\u00a0<a href=\"https:\/\/support.google.com\/chrome\/answer\/95647?hl=es-ES\">https:\/\/support.google.com\/chrome\/answer\/95647?hl=es-ES<\/a><\/li>\n<li>Mozilla Firefox (para PC y Mac):\u00a0<a href=\"https:\/\/support.mozilla.org\/es\/kb\/cookies-informacion-que-los-sitios-web-guardan-en-\">https:\/\/support.mozilla.org\/es\/kb\/cookies-informacion-que-los-sitios-web-guardan-en-<\/a><\/li>\n<li>IE 6+:\u00a0<a href=\"http:\/\/windows.microsoft.com\/es-es\/internet-explorer\/delete-manage-cookies#ie=ie-10-win-7\">http:\/\/windows.microsoft.com\/es-es\/internet-explorer\/delete-manage-cookies#ie=ie-10-win-7<\/a><\/li>\n<li>Apple Safari \u2013 IOS:\u00a0<a href=\"https:\/\/support.apple.com\/es-es\/HT1677\">https:\/\/support.apple.com\/es-es\/HT1677<\/a><\/li>\n<li>ANDROID:\u00a0<a href=\"https:\/\/support.google.com\/chrome\/answer\/2392971?hl=es\">https:\/\/support.google.com\/chrome\/answer\/2392971?hl=es<\/a><\/li>\n<\/ul>\n\t\t\t\t\t\t\t\t<\/div>\n\t\t\t\t<\/div>\n\t\t\t\t\t<\/div>\n\t\t<\/div>\n\t\t\t\t\t<\/div>\n\t\t<\/section>\n\t\t\t\t<\/div>","protected":false},"excerpt":{"rendered":"<p>Personalizar las cookies durante la navegaci\u00f3n Es posible personalizar el uso de las cookies que utilizamos durante tu navegaci\u00f3n. Podr\u00e1s hacerlo&nbsp;aqu\u00ed. \u00bfQu\u00e9 son las cookies? Se trata de unos ficheros, que una vez instalados en tu navegador hacen posible recopilar informaci\u00f3n relativa a las p\u00e1ginas que se visitan, el tiempo de conexi\u00f3n y tienen por [&hellip;]<\/p>","protected":false},"author":2,"featured_media":0,"parent":0,"menu_order":0,"comment_status":"closed","ping_status":"closed","template":"elementor_header_footer","meta":{"footnotes":""},"class_list":["post-305","page","type-page","status-publish","hentry"],"yoast_head":"<!-- This site is optimized with the Yoast SEO plugin v25.4 - https:\/\/yoast.com\/wordpress\/plugins\/seo\/ -->\n<title>Pol\u00edtica de Cookies - Notaria Requena<\/title>\n<meta name=\"robots\" content=\"noindex, nofollow\" \/>\n<meta property=\"og:locale\" content=\"ca_ES\" \/>\n<meta property=\"og:type\" content=\"article\" \/>\n<meta property=\"og:title\" content=\"Pol\u00edtica de Cookies - Notaria Requena\" \/>\n<meta property=\"og:description\" content=\"Personalizar las cookies durante la navegaci\u00f3n Es posible personalizar el uso de las cookies que utilizamos durante tu navegaci\u00f3n. Podr\u00e1s hacerlo&nbsp;aqu\u00ed. \u00bfQu\u00e9 son las cookies? Se trata de unos ficheros, que una vez instalados en tu navegador hacen posible recopilar informaci\u00f3n relativa a las p\u00e1ginas que se visitan, el tiempo de conexi\u00f3n y tienen por [&hellip;]\" \/>\n<meta property=\"og:url\" content=\"https:\/\/notariarequena.es\/ca\/politica-de-cookies\/\" \/>\n<meta property=\"og:site_name\" content=\"Notaria Requena\" \/>\n<meta property=\"article:modified_time\" content=\"2022-09-12T09:10:19+00:00\" \/>\n<meta name=\"twitter:card\" content=\"summary_large_image\" \/>\n<meta name=\"twitter:label1\" content=\"Temps estimat de lectura\" \/>\n\t<meta name=\"twitter:data1\" content=\"6 minuts\" \/>\n<script type=\"application\/ld+json\" class=\"yoast-schema-graph\">{\"@context\":\"https:\/\/schema.org\",\"@graph\":[{\"@type\":\"WebPage\",\"@id\":\"https:\/\/notariarequena.es\/politica-de-cookies\/\",\"url\":\"https:\/\/notariarequena.es\/politica-de-cookies\/\",\"name\":\"Pol\u00edtica de Cookies - Notaria Requena\",\"isPartOf\":{\"@id\":\"https:\/\/notariarequena.es\/#website\"},\"datePublished\":\"2021-09-20T21:40:27+00:00\",\"dateModified\":\"2022-09-12T09:10:19+00:00\",\"breadcrumb\":{\"@id\":\"https:\/\/notariarequena.es\/politica-de-cookies\/#breadcrumb\"},\"inLanguage\":\"ca\",\"potentialAction\":[{\"@type\":\"ReadAction\",\"target\":[\"https:\/\/notariarequena.es\/politica-de-cookies\/\"]}]},{\"@type\":\"BreadcrumbList\",\"@id\":\"https:\/\/notariarequena.es\/politica-de-cookies\/#breadcrumb\",\"itemListElement\":[{\"@type\":\"ListItem\",\"position\":1,\"name\":\"Portada\",\"item\":\"https:\/\/notariarequena.es\/\"},{\"@type\":\"ListItem\",\"position\":2,\"name\":\"Pol\u00edtica de Cookies\"}]},{\"@type\":\"WebSite\",\"@id\":\"https:\/\/notariarequena.es\/#website\",\"url\":\"https:\/\/notariarequena.es\/\",\"name\":\"Notaria Requena\",\"description\":\"Just another WordPress site\",\"publisher\":{\"@id\":\"https:\/\/notariarequena.es\/#organization\"},\"potentialAction\":[{\"@type\":\"SearchAction\",\"target\":{\"@type\":\"EntryPoint\",\"urlTemplate\":\"https:\/\/notariarequena.es\/?s={search_term_string}\"},\"query-input\":{\"@type\":\"PropertyValueSpecification\",\"valueRequired\":true,\"valueName\":\"search_term_string\"}}],\"inLanguage\":\"ca\"},{\"@type\":\"Organization\",\"@id\":\"https:\/\/notariarequena.es\/#organization\",\"name\":\"Notaria Requena\",\"url\":\"https:\/\/notariarequena.es\/\",\"logo\":{\"@type\":\"ImageObject\",\"inLanguage\":\"ca\",\"@id\":\"https:\/\/notariarequena.es\/#\/schema\/logo\/image\/\",\"url\":\"https:\/\/notariarequena.es\/wp-content\/uploads\/2021\/09\/cropped-notariacristinarequena600-1.png\",\"contentUrl\":\"https:\/\/notariarequena.es\/wp-content\/uploads\/2021\/09\/cropped-notariacristinarequena600-1.png\",\"width\":600,\"height\":150,\"caption\":\"Notaria Requena\"},\"image\":{\"@id\":\"https:\/\/notariarequena.es\/#\/schema\/logo\/image\/\"}}]}<\/script>\n<!-- \/ Yoast SEO plugin. -->","yoast_head_json":{"title":"Pol\u00edtica de Cookies - Notaria Requena","robots":{"index":"noindex","follow":"nofollow"},"og_locale":"ca_ES","og_type":"article","og_title":"Pol\u00edtica de Cookies - Notaria Requena","og_description":"Personalizar las cookies durante la navegaci\u00f3n Es posible personalizar el uso de las cookies que utilizamos durante tu navegaci\u00f3n. Podr\u00e1s hacerlo&nbsp;aqu\u00ed. \u00bfQu\u00e9 son las cookies? Se trata de unos ficheros, que una vez instalados en tu navegador hacen posible recopilar informaci\u00f3n relativa a las p\u00e1ginas que se visitan, el tiempo de conexi\u00f3n y tienen por [&hellip;]","og_url":"https:\/\/notariarequena.es\/ca\/politica-de-cookies\/","og_site_name":"Notaria Requena","article_modified_time":"2022-09-12T09:10:19+00:00","twitter_card":"summary_large_image","twitter_misc":{"Temps estimat de lectura":"6 minuts"},"schema":{"@context":"https:\/\/schema.org","@graph":[{"@type":"WebPage","@id":"https:\/\/notariarequena.es\/politica-de-cookies\/","url":"https:\/\/notariarequena.es\/politica-de-cookies\/","name":"Pol\u00edtica de Cookies - Notaria Requena","isPartOf":{"@id":"https:\/\/notariarequena.es\/#website"},"datePublished":"2021-09-20T21:40:27+00:00","dateModified":"2022-09-12T09:10:19+00:00","breadcrumb":{"@id":"https:\/\/notariarequena.es\/politica-de-cookies\/#breadcrumb"},"inLanguage":"ca","potentialAction":[{"@type":"ReadAction","target":["https:\/\/notariarequena.es\/politica-de-cookies\/"]}]},{"@type":"BreadcrumbList","@id":"https:\/\/notariarequena.es\/politica-de-cookies\/#breadcrumb","itemListElement":[{"@type":"ListItem","position":1,"name":"Portada","item":"https:\/\/notariarequena.es\/"},{"@type":"ListItem","position":2,"name":"Pol\u00edtica de Cookies"}]},{"@type":"WebSite","@id":"https:\/\/notariarequena.es\/#website","url":"https:\/\/notariarequena.es\/","name":"Notaria Requena","description":"Just another WordPress site","publisher":{"@id":"https:\/\/notariarequena.es\/#organization"},"potentialAction":[{"@type":"SearchAction","target":{"@type":"EntryPoint","urlTemplate":"https:\/\/notariarequena.es\/?s={search_term_string}"},"query-input":{"@type":"PropertyValueSpecification","valueRequired":true,"valueName":"search_term_string"}}],"inLanguage":"ca"},{"@type":"Organization","@id":"https:\/\/notariarequena.es\/#organization","name":"Notaria Requena","url":"https:\/\/notariarequena.es\/","logo":{"@type":"ImageObject","inLanguage":"ca","@id":"https:\/\/notariarequena.es\/#\/schema\/logo\/image\/","url":"https:\/\/notariarequena.es\/wp-content\/uploads\/2021\/09\/cropped-notariacristinarequena600-1.png","contentUrl":"https:\/\/notariarequena.es\/wp-content\/uploads\/2021\/09\/cropped-notariacristinarequena600-1.png","width":600,"height":150,"caption":"Notaria Requena"},"image":{"@id":"https:\/\/notariarequena.es\/#\/schema\/logo\/image\/"}}]}},"_links":{"self":[{"href":"https:\/\/notariarequena.es\/ca\/wp-json\/wp\/v2\/pages\/305","targetHints":{"allow":["GET"]}}],"collection":[{"href":"https:\/\/notariarequena.es\/ca\/wp-json\/wp\/v2\/pages"}],"about":[{"href":"https:\/\/notariarequena.es\/ca\/wp-json\/wp\/v2\/types\/page"}],"author":[{"embeddable":true,"href":"https:\/\/notariarequena.es\/ca\/wp-json\/wp\/v2\/users\/2"}],"replies":[{"embeddable":true,"href":"https:\/\/notariarequena.es\/ca\/wp-json\/wp\/v2\/comments?post=305"}],"version-history":[{"count":8,"href":"https:\/\/notariarequena.es\/ca\/wp-json\/wp\/v2\/pages\/305\/revisions"}],"predecessor-version":[{"id":1444,"href":"https:\/\/notariarequena.es\/ca\/wp-json\/wp\/v2\/pages\/305\/revisions\/1444"}],"wp:attachment":[{"href":"https:\/\/notariarequena.es\/ca\/wp-json\/wp\/v2\/media?parent=305"}],"curies":[{"name":"wp","href":"https:\/\/api.w.org\/{rel}","templated":true}]}}