{"id":312,"date":"2021-09-20T21:43:46","date_gmt":"2021-09-20T21:43:46","guid":{"rendered":"https:\/\/notariarequena.es\/?page_id=312"},"modified":"2023-08-30T11:38:03","modified_gmt":"2023-08-30T11:38:03","slug":"politica-de-privacidad","status":"publish","type":"page","link":"https:\/\/notariarequena.es\/en\/politica-de-privacidad\/","title":{"rendered":"Privacy Policy"},"content":{"rendered":"<div data-elementor-type=\"wp-page\" data-elementor-id=\"312\" class=\"elementor elementor-312\" data-elementor-post-type=\"page\">\n\t\t\t\t\t\t<section class=\"elementor-section elementor-top-section elementor-element elementor-element-4131f9d5 elementor-section-boxed elementor-section-height-default elementor-section-height-default\" data-id=\"4131f9d5\" data-element_type=\"section\">\n\t\t\t\t\t\t<div class=\"elementor-container elementor-column-gap-default\">\n\t\t\t\t\t<div class=\"elementor-column elementor-col-100 elementor-top-column elementor-element elementor-element-10ecf1e3\" data-id=\"10ecf1e3\" data-element_type=\"column\">\n\t\t\t<div class=\"elementor-widget-wrap elementor-element-populated\">\n\t\t\t\t\t\t<div class=\"elementor-element elementor-element-3813290 elementor-widget elementor-widget-heading\" data-id=\"3813290\" data-element_type=\"widget\" data-widget_type=\"heading.default\">\n\t\t\t\t<div class=\"elementor-widget-container\">\n\t\t\t\t\t<h2 class=\"elementor-heading-title elementor-size-default\">Privacy Policy<\/h2>\t\t\t\t<\/div>\n\t\t\t\t<\/div>\n\t\t\t\t<div class=\"elementor-element elementor-element-629a412d elementor-widget elementor-widget-text-editor\" data-id=\"629a412d\" data-element_type=\"widget\" data-widget_type=\"text-editor.default\">\n\t\t\t\t<div class=\"elementor-widget-container\">\n\t\t\t\t\t\t\t\t\t<p><strong>1. Protection of personal data<\/strong><\/p>\n<p>Responsible for the treatment<\/p>\n<p><\/p>\n<ul class=\"wp-block-list\">\n<li>Owner: NOTARIA CRISTINA REQUENA TORRECILLAS<\/li>\n<li>Denominaci\u00f3n: NOTARIA CRISTINA REQUENA TORRECILLA<\/li>\n<li>Address: Paseo de Gracia 47,principal (08007 Barcelona)<\/li>\n<li>E-mail:&nbsp;<a href=\"mailto:info@notariarequena.com\" target=\"_blank\" rel=\"noreferrer noopener\">info@notariarequena.com<\/a><\/li>\n<li>In compliance with the provisions of the EU REGULATION 2016\/679 GENERAL DATA PROTECTION REGULATION (RGPD) and Law 34\/2002, of July 11, Services Information Society and Electronic Commerce (LSSI), we inform you that all personal information you provide through this website, will become part of a file owned by NOTARY CRISTINA REQUENA TORRECILLAS in order to provide the requested service.<\/li>\n<\/ul>\n<div><br><\/div>\n<p><b>Finalidad del tratamiento:<\/b><\/p>\n<p><\/p>\n<p><\/p>\n<p>Los datos personales que nos remita a trav\u00e9s de los formularios de este sitio web solo se utilizar\u00e1n para las siguientes finalidades:<\/p>\n<p><\/p>\n<p><\/p>\n<ol class=\"wp-block-list\" type=\"1\">\n<li>Gesti\u00f3n de su consulta.<\/li>\n<li>Sending information, by electronic or non-electronic means, related to your inquiry and the services of the notary's office;<\/li>\n<li>Customer service, resolution of doubts, presentation of complaints or suggestions.<\/li>\n<\/ol>\n<p><\/p>\n<p>The personal data provided will be kept as long as their deletion is not requested by the interested party.<\/p>\n<p><b>Legitimacy of the treatment<\/b><\/p>\n<p><!-- \/wp:paragraph --><\/p>\n<p><!-- wp:paragraph --><\/p>\n<p>The legal basis for the processing of data is the legitimacy by consent of the person concerned for the main purpose of attention to the query sent to us by the user, recipients of assignments or transfers.<\/p>\n<p><!-- \/wp:paragraph --><\/p>\n<p><!-- wp:paragraph --><\/p>\n<p>Solo en el caso de que recibamos el encargo del usuario para la tramitaci\u00f3n a trav\u00e9s de nuestros servicios, sus datos podr\u00e1n ser comunicados a entidades de gesti\u00f3n a las que encomendamos la tramitaci\u00f3n de los documentos notariales ante las Administraciones P\u00fablicas.<\/p>\n<p><!-- \/wp:paragraph --><\/p>\n<p><!-- wp:paragraph --><\/p>\n<p><b>Derechos de las personas interesadas:<\/b><\/p>\n<p><!-- \/wp:paragraph --><\/p>\n<p><!-- wp:paragraph --><\/p>\n<p>Any person has the right to obtain confirmation as to whether or not NOTARY CRISTINA REQUENA TORRECILLAS processes personal data concerning him\/her.<\/p>\n<p><!-- \/wp:paragraph --><\/p>\n<p><!-- wp:paragraph --><\/p>\n<p>On the other hand, any interested party may request the exercise of the following rights before NOTARY CRISTINA REQUENA TORRECILLAS in person or in writing to the postal address or e-mail address of the header, after verification of their identity:<\/p>\n<p><!-- \/wp:paragraph --><\/p>\n<p><!-- wp:list --><\/p>\n<ul>\n<li>Right of access: allows the data subject to know and obtain information about their personal data undergoing processing.<\/li>\n<li>Right of rectification or suppression: allows to correct errors, modify data that prove to be inaccurate or incomplete and ensure the accuracy of the information processed.<\/li>\n<li>Right of cancellation: allows the deletion of data that proves to be inadequate or excessive.<\/li>\n<li>Right of opposition: the right of the data subject not to have his or her personal data processed or to have the processing of such data stopped.<\/li>\n<li>Limitation of processing: involves the marking of the personal data stored, in order to limit their future processing.<\/li>\n<li>Data portability: provision of the processed data to the data subject, so that he\/she can transmit it to another data controller without hindrance.<\/li>\n<li>Right not to be subject to automated individual decisions (including profiling): the right not to be subject to a decision based on automated processing that produces effects or significantly affects.<\/li>\n<\/ul>\n<p><!-- \/wp:list --><\/p>\n<p><!-- wp:paragraph --><\/p>\n<p>The interested party may, at any time, revoke the consent previously granted. In the event that you revoke your consent to store and process your data, NOTARIA CRISTINA REQUENA TORRECILLAS will not be able to provide you with certain services.<\/p>\n<p><!-- \/wp:paragraph --><\/p>\n<p><!-- wp:paragraph --><\/p>\n<p>In case of neglect of any of the aforementioned rights, the interested party may file the corresponding claim for protection before the Spanish Data Protection Agency.<\/p>\n<p><!-- \/wp:paragraph --><\/p>\n<p><!-- wp:paragraph --><\/p>\n<p>The retention of data will be subject to the statute of limitations of the various legal obligations. In no case does NOTARIA CRISTINA REQUENA TORRECILLAS contemplate automated decision making for profiling or international transfer to third countries.<\/p>\n<p><!-- \/wp:paragraph --><\/p>\n<p><!-- wp:paragraph --><\/p>\n<p>NOTARY CRISTINA REQUENA TORRECILLAS undertakes to comply with its obligation of secrecy of personal data and its duty to treat them with confidentiality, and will adopt, for these purposes, the necessary measures to prevent alteration, loss, treatment or unauthorized access.<\/p>\n<p><!-- \/wp:paragraph --><\/p>\n<p><!-- wp:paragraph --><\/p>\n<p><strong>2. Disclaimer of warranties and liability<\/strong><\/p>\n<p><!-- \/wp:paragraph --><\/p>\n<p><!-- wp:paragraph --><\/p>\n<p>The owner of the website is not responsible for damages of any nature that may cause. By way of example: errors or omissions in content, lack of availability of the portal or transmission of viruses or malware. Nor for harmful effects on the contents and despite having taken all necessary technological measures to prevent it.<\/p>\n\n<p><strong>3. Links<\/strong><\/p>\n\n<p>Este sitio Web puede disponer de enlaces o hiperv\u00ednculos hacia otros sitios de Internet. Se informa de que el presente titular no ejercer\u00e1 ning\u00fan tipo de control sobre dichos sitios y contenidos. En ning\u00fan caso, el titular de la presente web asumir\u00e1 responsabilidad alguna por contenidos enlazados a un sitio web externo. Tampoco garantizar\u00e1 disponibilidad t\u00e9cnica, calidad, fiabilidad, exactitud, amplitud, veracidad, validez y legalidad de cualquier material o informaci\u00f3n en ning\u00fan hiperv\u00ednculo. La inclusi\u00f3n de estas conexiones externas no implicar\u00e1 ning\u00fan tipo de asociaci\u00f3n, fusi\u00f3n o participaci\u00f3n con las entidades conectadas. El titular del presente sitio-web aconseja la lectura de los avisos legales espec\u00edficos de cada sitio Web al que acceda.<\/p>\n<p><!-- \/wp:paragraph --><\/p>\n<p><!-- wp:paragraph --><\/p>\n<p>The personal data provided to the owner of the website will be incorporated into an automated file of its ownership located at its registered office and duly notified to the Data Protection Agency.<\/p>\n<p><!-- \/wp:paragraph --><\/p>\n<p><!-- wp:paragraph --><\/p>\n<p>Any third party who has provided personal data to the owner of the website has the right of access, rectification, cancellation and opposition regarding their personal data. These rights may be exercised by writing to the registered office of the owner or by e-mail sent to&nbsp;<a href=\"mailto:info@notariarequena.es\" target=\"_blank\" rel=\"noreferrer noopener\">info@notariarequena.es<\/a>.<\/p>\n<p><!-- \/wp:paragraph --><\/p>\n<p><!-- wp:paragraph --><\/p>\n<p>The owner of the website undertakes to comply with the obligation of secrecy established in the applicable legislation, with respect to the data contained in its file.<\/p>\n<p><!-- \/wp:paragraph --><\/p>\n<p><!-- wp:paragraph --><\/p>\n<p>In the event that the owner of the website establishes particular conditions regarding data protection for a specific service, these shall take precedence in the event of conflict between them and this Data Protection Policy.<\/p>\n<p><!-- \/wp:paragraph --><\/p>\n<p><!-- wp:paragraph --><\/p>\n<p>The owner of the website reserves the right to modify its Data Protection Policy in accordance with the applicable legislation at all times. Any modification of the Data Protection Policy will be published on this website accessible by any person.<\/p>\n<p><strong>4. Intellectual Property<\/strong><\/p>\n<p><!-- \/wp:paragraph --><\/p>\n<p><!-- wp:paragraph --><\/p>\n<p>Los contenidos y elementos gr\u00e1ficos que forman parte del sitio web son de titularidad exclusiva de NOTARIA CRISTINA REQUENA TORRECILLAS. As\u00ed mismo, los contenidos del sitio web son objeto de propiedad intelectual. Cualquier uso o reproducci\u00f3n de estos contenidos por parte de terceros no autorizados est\u00e1 estrictamente prohibido. En caso de querer hacer uso de ellos, deben hacerse siguiendo las previsiones de la normativa sobre propiedad intelectual.<\/p>\n<p>Si se quiere utilizar leg\u00edtimamente alg\u00fan contenido, se deber\u00e1 solicitar el debido consentimiento mediante env\u00edo de correo electr\u00f3nico a:&nbsp;<a href=\"mailto:info@notariarequena.es\" target=\"_blank\" rel=\"noreferrer noopener\">info@notariarequena.es<\/a><\/p>\t\t\t\t\t\t\t\t<\/div>\n\t\t\t\t<\/div>\n\t\t\t\t\t<\/div>\n\t\t<\/div>\n\t\t\t\t\t<\/div>\n\t\t<\/section>\n\t\t\t\t<\/div>","protected":false},"excerpt":{"rendered":"<p>1. Protecci\u00f3n de datos personales Responsable del tratamiento Titular: NOTARIA CRISTINA REQUENA TORRECILLAS Denominaci\u00f3n: NOTARIA CRISTINA REQUENA TORRECILLA Direcci\u00f3n: Paseo de Gracia 47,principal (08007 Barcelona) Correo electr\u00f3nico:&nbsp;info@notariarequena.com En cumplimiento de lo que dispone el REGLAMENTO UE 2016\/679 GENERAL DE PROTECCI\u00d3N DE DATOS (RGPD) y la Ley 34\/2002, de 11 de julio, de Servicios de la [&hellip;]<\/p>","protected":false},"author":2,"featured_media":0,"parent":0,"menu_order":0,"comment_status":"closed","ping_status":"closed","template":"elementor_header_footer","meta":{"footnotes":""},"class_list":["post-312","page","type-page","status-publish","hentry"],"yoast_head":"<!-- This site is optimized with the Yoast SEO plugin v25.4 - https:\/\/yoast.com\/wordpress\/plugins\/seo\/ -->\n<title>Pol\u00edtica de Privacidad - Notaria Requena<\/title>\n<meta name=\"robots\" content=\"noindex, nofollow\" \/>\n<meta property=\"og:locale\" content=\"en_US\" \/>\n<meta property=\"og:type\" content=\"article\" \/>\n<meta property=\"og:title\" content=\"Pol\u00edtica de Privacidad - Notaria Requena\" \/>\n<meta property=\"og:description\" content=\"1. Protecci\u00f3n de datos personales Responsable del tratamiento Titular: NOTARIA CRISTINA REQUENA TORRECILLAS Denominaci\u00f3n: NOTARIA CRISTINA REQUENA TORRECILLA Direcci\u00f3n: Paseo de Gracia 47,principal (08007 Barcelona) Correo electr\u00f3nico:&nbsp;info@notariarequena.com En cumplimiento de lo que dispone el REGLAMENTO UE 2016\/679 GENERAL DE PROTECCI\u00d3N DE DATOS (RGPD) y la Ley 34\/2002, de 11 de julio, de Servicios de la [&hellip;]\" \/>\n<meta property=\"og:url\" content=\"https:\/\/notariarequena.es\/en\/politica-de-privacidad\/\" \/>\n<meta property=\"og:site_name\" content=\"Notaria Requena\" \/>\n<meta property=\"article:modified_time\" content=\"2023-08-30T11:38:03+00:00\" \/>\n<meta name=\"twitter:card\" content=\"summary_large_image\" \/>\n<meta name=\"twitter:label1\" content=\"Est. reading time\" \/>\n\t<meta name=\"twitter:data1\" content=\"5 minutes\" \/>\n<script type=\"application\/ld+json\" class=\"yoast-schema-graph\">{\"@context\":\"https:\/\/schema.org\",\"@graph\":[{\"@type\":\"WebPage\",\"@id\":\"https:\/\/notariarequena.es\/politica-de-privacidad\/\",\"url\":\"https:\/\/notariarequena.es\/politica-de-privacidad\/\",\"name\":\"Pol\u00edtica de Privacidad - Notaria Requena\",\"isPartOf\":{\"@id\":\"https:\/\/notariarequena.es\/#website\"},\"datePublished\":\"2021-09-20T21:43:46+00:00\",\"dateModified\":\"2023-08-30T11:38:03+00:00\",\"breadcrumb\":{\"@id\":\"https:\/\/notariarequena.es\/politica-de-privacidad\/#breadcrumb\"},\"inLanguage\":\"en-US\",\"potentialAction\":[{\"@type\":\"ReadAction\",\"target\":[\"https:\/\/notariarequena.es\/politica-de-privacidad\/\"]}]},{\"@type\":\"BreadcrumbList\",\"@id\":\"https:\/\/notariarequena.es\/politica-de-privacidad\/#breadcrumb\",\"itemListElement\":[{\"@type\":\"ListItem\",\"position\":1,\"name\":\"Portada\",\"item\":\"https:\/\/notariarequena.es\/\"},{\"@type\":\"ListItem\",\"position\":2,\"name\":\"Pol\u00edtica de Privacidad\"}]},{\"@type\":\"WebSite\",\"@id\":\"https:\/\/notariarequena.es\/#website\",\"url\":\"https:\/\/notariarequena.es\/\",\"name\":\"Notaria Requena\",\"description\":\"Just another WordPress site\",\"publisher\":{\"@id\":\"https:\/\/notariarequena.es\/#organization\"},\"potentialAction\":[{\"@type\":\"SearchAction\",\"target\":{\"@type\":\"EntryPoint\",\"urlTemplate\":\"https:\/\/notariarequena.es\/?s={search_term_string}\"},\"query-input\":{\"@type\":\"PropertyValueSpecification\",\"valueRequired\":true,\"valueName\":\"search_term_string\"}}],\"inLanguage\":\"en-US\"},{\"@type\":\"Organization\",\"@id\":\"https:\/\/notariarequena.es\/#organization\",\"name\":\"Notaria Requena\",\"url\":\"https:\/\/notariarequena.es\/\",\"logo\":{\"@type\":\"ImageObject\",\"inLanguage\":\"en-US\",\"@id\":\"https:\/\/notariarequena.es\/#\/schema\/logo\/image\/\",\"url\":\"https:\/\/notariarequena.es\/wp-content\/uploads\/2021\/09\/cropped-notariacristinarequena600-1.png\",\"contentUrl\":\"https:\/\/notariarequena.es\/wp-content\/uploads\/2021\/09\/cropped-notariacristinarequena600-1.png\",\"width\":600,\"height\":150,\"caption\":\"Notaria Requena\"},\"image\":{\"@id\":\"https:\/\/notariarequena.es\/#\/schema\/logo\/image\/\"}}]}<\/script>\n<!-- \/ Yoast SEO plugin. -->","yoast_head_json":{"title":"Pol\u00edtica de Privacidad - Notaria Requena","robots":{"index":"noindex","follow":"nofollow"},"og_locale":"en_US","og_type":"article","og_title":"Pol\u00edtica de Privacidad - Notaria Requena","og_description":"1. Protecci\u00f3n de datos personales Responsable del tratamiento Titular: NOTARIA CRISTINA REQUENA TORRECILLAS Denominaci\u00f3n: NOTARIA CRISTINA REQUENA TORRECILLA Direcci\u00f3n: Paseo de Gracia 47,principal (08007 Barcelona) Correo electr\u00f3nico:&nbsp;info@notariarequena.com En cumplimiento de lo que dispone el REGLAMENTO UE 2016\/679 GENERAL DE PROTECCI\u00d3N DE DATOS (RGPD) y la Ley 34\/2002, de 11 de julio, de Servicios de la [&hellip;]","og_url":"https:\/\/notariarequena.es\/en\/politica-de-privacidad\/","og_site_name":"Notaria Requena","article_modified_time":"2023-08-30T11:38:03+00:00","twitter_card":"summary_large_image","twitter_misc":{"Est. reading time":"5 minutes"},"schema":{"@context":"https:\/\/schema.org","@graph":[{"@type":"WebPage","@id":"https:\/\/notariarequena.es\/politica-de-privacidad\/","url":"https:\/\/notariarequena.es\/politica-de-privacidad\/","name":"Pol\u00edtica de Privacidad - Notaria Requena","isPartOf":{"@id":"https:\/\/notariarequena.es\/#website"},"datePublished":"2021-09-20T21:43:46+00:00","dateModified":"2023-08-30T11:38:03+00:00","breadcrumb":{"@id":"https:\/\/notariarequena.es\/politica-de-privacidad\/#breadcrumb"},"inLanguage":"en-US","potentialAction":[{"@type":"ReadAction","target":["https:\/\/notariarequena.es\/politica-de-privacidad\/"]}]},{"@type":"BreadcrumbList","@id":"https:\/\/notariarequena.es\/politica-de-privacidad\/#breadcrumb","itemListElement":[{"@type":"ListItem","position":1,"name":"Portada","item":"https:\/\/notariarequena.es\/"},{"@type":"ListItem","position":2,"name":"Pol\u00edtica de Privacidad"}]},{"@type":"WebSite","@id":"https:\/\/notariarequena.es\/#website","url":"https:\/\/notariarequena.es\/","name":"Notaria Requena","description":"Just another WordPress site","publisher":{"@id":"https:\/\/notariarequena.es\/#organization"},"potentialAction":[{"@type":"SearchAction","target":{"@type":"EntryPoint","urlTemplate":"https:\/\/notariarequena.es\/?s={search_term_string}"},"query-input":{"@type":"PropertyValueSpecification","valueRequired":true,"valueName":"search_term_string"}}],"inLanguage":"en-US"},{"@type":"Organization","@id":"https:\/\/notariarequena.es\/#organization","name":"Notaria Requena","url":"https:\/\/notariarequena.es\/","logo":{"@type":"ImageObject","inLanguage":"en-US","@id":"https:\/\/notariarequena.es\/#\/schema\/logo\/image\/","url":"https:\/\/notariarequena.es\/wp-content\/uploads\/2021\/09\/cropped-notariacristinarequena600-1.png","contentUrl":"https:\/\/notariarequena.es\/wp-content\/uploads\/2021\/09\/cropped-notariacristinarequena600-1.png","width":600,"height":150,"caption":"Notaria Requena"},"image":{"@id":"https:\/\/notariarequena.es\/#\/schema\/logo\/image\/"}}]}},"_links":{"self":[{"href":"https:\/\/notariarequena.es\/en\/wp-json\/wp\/v2\/pages\/312","targetHints":{"allow":["GET"]}}],"collection":[{"href":"https:\/\/notariarequena.es\/en\/wp-json\/wp\/v2\/pages"}],"about":[{"href":"https:\/\/notariarequena.es\/en\/wp-json\/wp\/v2\/types\/page"}],"author":[{"embeddable":true,"href":"https:\/\/notariarequena.es\/en\/wp-json\/wp\/v2\/users\/2"}],"replies":[{"embeddable":true,"href":"https:\/\/notariarequena.es\/en\/wp-json\/wp\/v2\/comments?post=312"}],"version-history":[{"count":22,"href":"https:\/\/notariarequena.es\/en\/wp-json\/wp\/v2\/pages\/312\/revisions"}],"predecessor-version":[{"id":2152,"href":"https:\/\/notariarequena.es\/en\/wp-json\/wp\/v2\/pages\/312\/revisions\/2152"}],"wp:attachment":[{"href":"https:\/\/notariarequena.es\/en\/wp-json\/wp\/v2\/media?parent=312"}],"curies":[{"name":"wp","href":"https:\/\/api.w.org\/{rel}","templated":true}]}}