{"id":374,"date":"2021-09-24T12:12:08","date_gmt":"2021-09-24T12:12:08","guid":{"rendered":"https:\/\/notariarequena.es\/?page_id=374"},"modified":"2024-09-23T11:41:52","modified_gmt":"2024-09-23T11:41:52","slug":"sucesiones-y-donaciones","status":"publish","type":"page","link":"https:\/\/notariarequena.es\/en\/sucesiones-y-donaciones\/","title":{"rendered":"donaciones y sucesiones"},"content":{"rendered":"<div data-elementor-type=\"wp-page\" data-elementor-id=\"374\" class=\"elementor elementor-374\" data-elementor-post-type=\"page\">\n\t\t\t\t\t\t<section class=\"elementor-section elementor-top-section elementor-element elementor-element-9092c71 elementor-section-boxed elementor-section-height-default elementor-section-height-default\" data-id=\"9092c71\" data-element_type=\"section\" data-settings=\"{&quot;background_background&quot;:&quot;classic&quot;}\">\n\t\t\t\t\t\t\t<div class=\"elementor-background-overlay\"><\/div>\n\t\t\t\t\t\t\t<div class=\"elementor-container elementor-column-gap-default\">\n\t\t\t\t\t<div class=\"elementor-column elementor-col-100 elementor-top-column elementor-element elementor-element-42a8d8f\" data-id=\"42a8d8f\" data-element_type=\"column\">\n\t\t\t<div class=\"elementor-widget-wrap elementor-element-populated\">\n\t\t\t\t\t\t<div class=\"elementor-element elementor-element-8e8752b elementor-widget elementor-widget-spacer\" data-id=\"8e8752b\" data-element_type=\"widget\" data-widget_type=\"spacer.default\">\n\t\t\t\t<div class=\"elementor-widget-container\">\n\t\t\t\t\t\t\t<div class=\"elementor-spacer\">\n\t\t\t<div class=\"elementor-spacer-inner\"><\/div>\n\t\t<\/div>\n\t\t\t\t\t\t<\/div>\n\t\t\t\t<\/div>\n\t\t\t\t<div class=\"elementor-element elementor-element-db12702 elementor-widget elementor-widget-heading\" data-id=\"db12702\" data-element_type=\"widget\" data-widget_type=\"heading.default\">\n\t\t\t\t<div class=\"elementor-widget-container\">\n\t\t\t\t\t<h1 class=\"elementor-heading-title elementor-size-default\">CATEGORY<\/h1>\t\t\t\t<\/div>\n\t\t\t\t<\/div>\n\t\t\t\t<div class=\"elementor-element elementor-element-0e59a4b elementor-widget elementor-widget-heading\" data-id=\"0e59a4b\" data-element_type=\"widget\" data-widget_type=\"heading.default\">\n\t\t\t\t<div class=\"elementor-widget-container\">\n\t\t\t\t\t<h2 class=\"elementor-heading-title elementor-size-default\">SUCESIONES Y DONACIONES<\/h2>\t\t\t\t<\/div>\n\t\t\t\t<\/div>\n\t\t\t\t\t<\/div>\n\t\t<\/div>\n\t\t\t\t\t<\/div>\n\t\t<\/section>\n\t\t\t\t<section class=\"elementor-section elementor-top-section elementor-element elementor-element-b8cd990 elementor-section-boxed elementor-section-height-default elementor-section-height-default\" data-id=\"b8cd990\" data-element_type=\"section\">\n\t\t\t\t\t\t<div class=\"elementor-container elementor-column-gap-default\">\n\t\t\t\t\t<div class=\"elementor-column elementor-col-100 elementor-top-column elementor-element elementor-element-06744d1\" data-id=\"06744d1\" data-element_type=\"column\">\n\t\t\t<div class=\"elementor-widget-wrap elementor-element-populated\">\n\t\t\t\t\t\t<div class=\"elementor-element elementor-element-0fae236 elementor-grid-2 elementor-posts--align-left elementor-grid-tablet-2 elementor-grid-mobile-1 elementor-posts--thumbnail-top elementor-card-shadow-yes elementor-posts__hover-gradient elementor-widget elementor-widget-posts\" data-id=\"0fae236\" data-element_type=\"widget\" data-settings=\"{&quot;cards_columns&quot;:&quot;2&quot;,&quot;cards_row_gap&quot;:{&quot;unit&quot;:&quot;px&quot;,&quot;size&quot;:50,&quot;sizes&quot;:[]},&quot;cards_columns_tablet&quot;:&quot;2&quot;,&quot;cards_columns_mobile&quot;:&quot;1&quot;,&quot;cards_row_gap_tablet&quot;:{&quot;unit&quot;:&quot;px&quot;,&quot;size&quot;:&quot;&quot;,&quot;sizes&quot;:[]},&quot;cards_row_gap_mobile&quot;:{&quot;unit&quot;:&quot;px&quot;,&quot;size&quot;:&quot;&quot;,&quot;sizes&quot;:[]}}\" data-widget_type=\"posts.cards\">\n\t\t\t\t<div class=\"elementor-widget-container\">\n\t\t\t\t\t\t\t<div class=\"elementor-posts-container elementor-posts elementor-posts--skin-cards elementor-grid\" role=\"list\">\n\t\t\t\t<article class=\"elementor-post elementor-grid-item post-807 post type-post status-publish format-standard has-post-thumbnail hentry category-sucesiones-donaciones\" role=\"listitem\">\n\t\t\t<div class=\"elementor-post__card\">\n\t\t\t\t<a class=\"elementor-post__thumbnail__link\" href=\"https:\/\/notariarequena.es\/en\/herencias\/\" tabindex=\"-1\" ><div class=\"elementor-post__thumbnail\"><img fetchpriority=\"high\" decoding=\"async\" width=\"768\" height=\"464\" src=\"https:\/\/notariarequena.es\/wp-content\/uploads\/2021\/11\/11-3-768x464.jpg\" class=\"attachment-medium_large size-medium_large wp-image-804\" alt=\"Las herencias es uno de los servicios dentro del servicio notarial de sucesiones que ofrece la notaria Cristina Requena\" srcset=\"https:\/\/notariarequena.es\/wp-content\/uploads\/2021\/11\/11-3-768x464.jpg 768w, https:\/\/notariarequena.es\/wp-content\/uploads\/2021\/11\/11-3-300x181.jpg 300w, https:\/\/notariarequena.es\/wp-content\/uploads\/2021\/11\/11-3-18x12.jpg 18w, https:\/\/notariarequena.es\/wp-content\/uploads\/2021\/11\/11-3.jpg 800w\" sizes=\"(max-width: 768px) 100vw, 768px\" \/><\/div><\/a>\n\t\t\t\t<div class=\"elementor-post__badge\">Successions and donations<\/div>\n\t\t\t\t<div class=\"elementor-post__text\">\n\t\t\t\t<h3 class=\"elementor-post__title\">\n\t\t\t<a href=\"https:\/\/notariarequena.es\/en\/herencias\/\" >\n\t\t\t\tINHERITANCES\t\t\t<\/a>\n\t\t<\/h3>\n\t\t\n\t\t<a class=\"elementor-post__read-more\" href=\"https:\/\/notariarequena.es\/en\/herencias\/\" aria-label=\"Read more about HERENCIAS\" tabindex=\"-1\" >\n\t\t\tREAD\t\t<\/a>\n\n\t\t\t\t<\/div>\n\t\t\t\t\t<\/div>\n\t\t<\/article>\n\t\t\t\t<article class=\"elementor-post elementor-grid-item post-646 post type-post status-publish format-standard has-post-thumbnail hentry category-sucesiones-donaciones\" role=\"listitem\">\n\t\t\t<div class=\"elementor-post__card\">\n\t\t\t\t<a class=\"elementor-post__thumbnail__link\" href=\"https:\/\/notariarequena.es\/en\/testament-blog-notaria-requena\/\" tabindex=\"-1\" ><div class=\"elementor-post__thumbnail\"><img decoding=\"async\" width=\"768\" height=\"464\" src=\"https:\/\/notariarequena.es\/wp-content\/uploads\/2021\/10\/LinkedIn-Notaria-Requena-7-768x464.jpg\" class=\"attachment-medium_large size-medium_large wp-image-648\" alt=\"Art\u00edculo del blog de la notaria Cristina Requena sobre los beneficios de tramitar el testamento con un notario\" srcset=\"https:\/\/notariarequena.es\/wp-content\/uploads\/2021\/10\/LinkedIn-Notaria-Requena-7-768x464.jpg 768w, https:\/\/notariarequena.es\/wp-content\/uploads\/2021\/10\/LinkedIn-Notaria-Requena-7-300x181.jpg 300w, https:\/\/notariarequena.es\/wp-content\/uploads\/2021\/10\/LinkedIn-Notaria-Requena-7-18x12.jpg 18w, https:\/\/notariarequena.es\/wp-content\/uploads\/2021\/10\/LinkedIn-Notaria-Requena-7.jpg 800w\" sizes=\"(max-width: 768px) 100vw, 768px\" \/><\/div><\/a>\n\t\t\t\t<div class=\"elementor-post__badge\">Successions and donations<\/div>\n\t\t\t\t<div class=\"elementor-post__text\">\n\t\t\t\t<h3 class=\"elementor-post__title\">\n\t\t\t<a href=\"https:\/\/notariarequena.es\/en\/testament-blog-notaria-requena\/\" >\n\t\t\t\tWILL\t\t\t<\/a>\n\t\t<\/h3>\n\t\t\n\t\t<a class=\"elementor-post__read-more\" href=\"https:\/\/notariarequena.es\/en\/testament-blog-notaria-requena\/\" aria-label=\"Read more about TESTAMENTO\" tabindex=\"-1\" >\n\t\t\tREAD\t\t<\/a>\n\n\t\t\t\t<\/div>\n\t\t\t\t\t<\/div>\n\t\t<\/article>\n\t\t\t\t<\/div>\n\t\t\n\t\t\t\t\t\t<\/div>\n\t\t\t\t<\/div>\n\t\t\t\t\t<\/div>\n\t\t<\/div>\n\t\t\t\t\t<\/div>\n\t\t<\/section>\n\t\t\t\t<\/div>","protected":false},"excerpt":{"rendered":"<p>CATEGOR\u00cdAS SUCESIONES Y DONACIONES<\/p>","protected":false},"author":2,"featured_media":0,"parent":0,"menu_order":0,"comment_status":"closed","ping_status":"closed","template":"","meta":{"footnotes":""},"class_list":["post-374","page","type-page","status-publish","hentry"],"yoast_head":"<!-- This site is optimized with the Yoast SEO plugin v25.4 - https:\/\/yoast.com\/wordpress\/plugins\/seo\/ -->\n<title>Donaciones y sucesiones | Blog | Notar\u00eda Requena<\/title>\n<meta name=\"description\" content=\"Descubre todo sobre donaciones y sucesiones: informaci\u00f3n legal, tr\u00e1mites e impuestos para gestionar tu patrimonio de manera eficiente y segura.\" \/>\n<meta name=\"robots\" content=\"index, follow, max-snippet:-1, max-image-preview:large, max-video-preview:-1\" \/>\n<link rel=\"canonical\" href=\"https:\/\/notariarequena.es\/en\/sucesiones-y-donaciones\/\" \/>\n<meta property=\"og:locale\" content=\"en_US\" \/>\n<meta property=\"og:type\" content=\"article\" \/>\n<meta property=\"og:title\" content=\"Donaciones y sucesiones | Blog | Notar\u00eda Requena\" \/>\n<meta property=\"og:description\" content=\"Descubre todo sobre donaciones y sucesiones: informaci\u00f3n legal, tr\u00e1mites e impuestos para gestionar tu patrimonio de manera eficiente y segura.\" \/>\n<meta property=\"og:url\" content=\"https:\/\/notariarequena.es\/en\/sucesiones-y-donaciones\/\" \/>\n<meta property=\"og:site_name\" content=\"Notaria Requena\" \/>\n<meta property=\"article:modified_time\" content=\"2024-09-23T11:41:52+00:00\" \/>\n<meta name=\"twitter:card\" content=\"summary_large_image\" \/>\n<meta name=\"twitter:label1\" content=\"Est. reading time\" \/>\n\t<meta name=\"twitter:data1\" content=\"1 minute\" \/>\n<script type=\"application\/ld+json\" class=\"yoast-schema-graph\">{\"@context\":\"https:\/\/schema.org\",\"@graph\":[{\"@type\":\"WebPage\",\"@id\":\"https:\/\/notariarequena.es\/sucesiones-y-donaciones\/\",\"url\":\"https:\/\/notariarequena.es\/sucesiones-y-donaciones\/\",\"name\":\"Donaciones y sucesiones | Blog | Notar\u00eda Requena\",\"isPartOf\":{\"@id\":\"https:\/\/notariarequena.es\/#website\"},\"datePublished\":\"2021-09-24T12:12:08+00:00\",\"dateModified\":\"2024-09-23T11:41:52+00:00\",\"description\":\"Descubre todo sobre donaciones y sucesiones: informaci\u00f3n legal, tr\u00e1mites e impuestos para gestionar tu patrimonio de manera eficiente y segura.\",\"breadcrumb\":{\"@id\":\"https:\/\/notariarequena.es\/sucesiones-y-donaciones\/#breadcrumb\"},\"inLanguage\":\"en-US\",\"potentialAction\":[{\"@type\":\"ReadAction\",\"target\":[\"https:\/\/notariarequena.es\/sucesiones-y-donaciones\/\"]}]},{\"@type\":\"BreadcrumbList\",\"@id\":\"https:\/\/notariarequena.es\/sucesiones-y-donaciones\/#breadcrumb\",\"itemListElement\":[{\"@type\":\"ListItem\",\"position\":1,\"name\":\"Portada\",\"item\":\"https:\/\/notariarequena.es\/\"},{\"@type\":\"ListItem\",\"position\":2,\"name\":\"donaciones y sucesiones\"}]},{\"@type\":\"WebSite\",\"@id\":\"https:\/\/notariarequena.es\/#website\",\"url\":\"https:\/\/notariarequena.es\/\",\"name\":\"Notaria Requena\",\"description\":\"Just another WordPress site\",\"publisher\":{\"@id\":\"https:\/\/notariarequena.es\/#organization\"},\"potentialAction\":[{\"@type\":\"SearchAction\",\"target\":{\"@type\":\"EntryPoint\",\"urlTemplate\":\"https:\/\/notariarequena.es\/?s={search_term_string}\"},\"query-input\":{\"@type\":\"PropertyValueSpecification\",\"valueRequired\":true,\"valueName\":\"search_term_string\"}}],\"inLanguage\":\"en-US\"},{\"@type\":\"Organization\",\"@id\":\"https:\/\/notariarequena.es\/#organization\",\"name\":\"Notaria Requena\",\"url\":\"https:\/\/notariarequena.es\/\",\"logo\":{\"@type\":\"ImageObject\",\"inLanguage\":\"en-US\",\"@id\":\"https:\/\/notariarequena.es\/#\/schema\/logo\/image\/\",\"url\":\"https:\/\/notariarequena.es\/wp-content\/uploads\/2021\/09\/cropped-notariacristinarequena600-1.png\",\"contentUrl\":\"https:\/\/notariarequena.es\/wp-content\/uploads\/2021\/09\/cropped-notariacristinarequena600-1.png\",\"width\":600,\"height\":150,\"caption\":\"Notaria Requena\"},\"image\":{\"@id\":\"https:\/\/notariarequena.es\/#\/schema\/logo\/image\/\"}}]}<\/script>\n<!-- \/ Yoast SEO plugin. -->","yoast_head_json":{"title":"Donaciones y sucesiones | Blog | Notar\u00eda Requena","description":"Descubre todo sobre donaciones y sucesiones: informaci\u00f3n legal, tr\u00e1mites e impuestos para gestionar tu patrimonio de manera eficiente y segura.","robots":{"index":"index","follow":"follow","max-snippet":"max-snippet:-1","max-image-preview":"max-image-preview:large","max-video-preview":"max-video-preview:-1"},"canonical":"https:\/\/notariarequena.es\/en\/sucesiones-y-donaciones\/","og_locale":"en_US","og_type":"article","og_title":"Donaciones y sucesiones | Blog | Notar\u00eda Requena","og_description":"Descubre todo sobre donaciones y sucesiones: informaci\u00f3n legal, tr\u00e1mites e impuestos para gestionar tu patrimonio de manera eficiente y segura.","og_url":"https:\/\/notariarequena.es\/en\/sucesiones-y-donaciones\/","og_site_name":"Notaria Requena","article_modified_time":"2024-09-23T11:41:52+00:00","twitter_card":"summary_large_image","twitter_misc":{"Est. reading time":"1 minute"},"schema":{"@context":"https:\/\/schema.org","@graph":[{"@type":"WebPage","@id":"https:\/\/notariarequena.es\/sucesiones-y-donaciones\/","url":"https:\/\/notariarequena.es\/sucesiones-y-donaciones\/","name":"Donaciones y sucesiones | Blog | Notar\u00eda Requena","isPartOf":{"@id":"https:\/\/notariarequena.es\/#website"},"datePublished":"2021-09-24T12:12:08+00:00","dateModified":"2024-09-23T11:41:52+00:00","description":"Descubre todo sobre donaciones y sucesiones: informaci\u00f3n legal, tr\u00e1mites e impuestos para gestionar tu patrimonio de manera eficiente y segura.","breadcrumb":{"@id":"https:\/\/notariarequena.es\/sucesiones-y-donaciones\/#breadcrumb"},"inLanguage":"en-US","potentialAction":[{"@type":"ReadAction","target":["https:\/\/notariarequena.es\/sucesiones-y-donaciones\/"]}]},{"@type":"BreadcrumbList","@id":"https:\/\/notariarequena.es\/sucesiones-y-donaciones\/#breadcrumb","itemListElement":[{"@type":"ListItem","position":1,"name":"Portada","item":"https:\/\/notariarequena.es\/"},{"@type":"ListItem","position":2,"name":"donaciones y sucesiones"}]},{"@type":"WebSite","@id":"https:\/\/notariarequena.es\/#website","url":"https:\/\/notariarequena.es\/","name":"Notaria Requena","description":"Just another WordPress site","publisher":{"@id":"https:\/\/notariarequena.es\/#organization"},"potentialAction":[{"@type":"SearchAction","target":{"@type":"EntryPoint","urlTemplate":"https:\/\/notariarequena.es\/?s={search_term_string}"},"query-input":{"@type":"PropertyValueSpecification","valueRequired":true,"valueName":"search_term_string"}}],"inLanguage":"en-US"},{"@type":"Organization","@id":"https:\/\/notariarequena.es\/#organization","name":"Notaria Requena","url":"https:\/\/notariarequena.es\/","logo":{"@type":"ImageObject","inLanguage":"en-US","@id":"https:\/\/notariarequena.es\/#\/schema\/logo\/image\/","url":"https:\/\/notariarequena.es\/wp-content\/uploads\/2021\/09\/cropped-notariacristinarequena600-1.png","contentUrl":"https:\/\/notariarequena.es\/wp-content\/uploads\/2021\/09\/cropped-notariacristinarequena600-1.png","width":600,"height":150,"caption":"Notaria Requena"},"image":{"@id":"https:\/\/notariarequena.es\/#\/schema\/logo\/image\/"}}]}},"_links":{"self":[{"href":"https:\/\/notariarequena.es\/en\/wp-json\/wp\/v2\/pages\/374","targetHints":{"allow":["GET"]}}],"collection":[{"href":"https:\/\/notariarequena.es\/en\/wp-json\/wp\/v2\/pages"}],"about":[{"href":"https:\/\/notariarequena.es\/en\/wp-json\/wp\/v2\/types\/page"}],"author":[{"embeddable":true,"href":"https:\/\/notariarequena.es\/en\/wp-json\/wp\/v2\/users\/2"}],"replies":[{"embeddable":true,"href":"https:\/\/notariarequena.es\/en\/wp-json\/wp\/v2\/comments?post=374"}],"version-history":[{"count":10,"href":"https:\/\/notariarequena.es\/en\/wp-json\/wp\/v2\/pages\/374\/revisions"}],"predecessor-version":[{"id":2459,"href":"https:\/\/notariarequena.es\/en\/wp-json\/wp\/v2\/pages\/374\/revisions\/2459"}],"wp:attachment":[{"href":"https:\/\/notariarequena.es\/en\/wp-json\/wp\/v2\/media?parent=374"}],"curies":[{"name":"wp","href":"https:\/\/api.w.org\/{rel}","templated":true}]}}